{"id":128,"date":"2019-03-06T16:28:23","date_gmt":"2019-03-06T15:28:23","guid":{"rendered":"http:\/\/gymmorges.ch\/gander\/?page_id=128"},"modified":"2019-04-23T11:23:19","modified_gmt":"2019-04-23T09:23:19","slug":"medias","status":"publish","type":"page","link":"https:\/\/gymmorges.ch\/gander\/medias\/","title":{"rendered":"M\u00e9dias"},"content":{"rendered":"\n<h3>Dossier de presse et accr\u00e9ditations<\/h3>\n\n\n\n<p>Vous \u00eates journaliste? Photographe? Vous avez la possibilit\u00e9 de nous demander une accr\u00e9ditation et un dossier de presse en envoyant un email \u00e0 media.morges@memorialgander.ch en mentionnant le m\u00e9dia que vous repr\u00e9sentez.<\/p>\n\n\n\n<hr class=\"wp-block-separator\"\/>\n\n\n\n<h3>Facilit\u00e9s pour les journalistes<\/h3>\n\n\n\n<ul><li>Accueil<\/li><li>Zone journaliste<\/li><li>Communiqu\u00e9s de presse<\/li><li>Consultant disponible pour toutes les questions technique gymniques<\/li><\/ul>\n\n\n\n<hr class=\"wp-block-separator\"\/>\n\n\n\n<h3>Dossier de presse<\/h3>\n\n\n\n<p>Un dossier de presse vous sera remis lors de votre arriv\u00e9e sur place&nbsp;en m\u00eame temps que votre accr\u00e9ditation (que vous aurez pris la peine de demander au pr\u00e9alable par le biais du formulaire ci-dessus). Un email vous sera peut-\u00eatre envoy\u00e9 dans le courant du mois avec la premi\u00e8re version du dossier de presse.<\/p>\n","protected":false},"excerpt":{"rendered":"<p>Dossier de presse et accr\u00e9ditations Vous \u00eates journaliste? Photographe? Vous avez la possibilit\u00e9 de nous demander une accr\u00e9ditation et un dossier de presse en envoyant un email \u00e0 media.morges@memorialgander.ch en mentionnant le m\u00e9dia que vous repr\u00e9sentez. Facilit\u00e9s pour les journalistes Accueil Zone journaliste Communiqu\u00e9s de presse Consultant disponible pour toutes les questions technique gymniques Dossier [&hellip;]<\/p>\n","protected":false},"author":1,"featured_media":0,"parent":0,"menu_order":0,"comment_status":"closed","ping_status":"closed","template":"","meta":[],"_links":{"self":[{"href":"https:\/\/gymmorges.ch\/gander\/wp-json\/wp\/v2\/pages\/128"}],"collection":[{"href":"https:\/\/gymmorges.ch\/gander\/wp-json\/wp\/v2\/pages"}],"about":[{"href":"https:\/\/gymmorges.ch\/gander\/wp-json\/wp\/v2\/types\/page"}],"author":[{"embeddable":true,"href":"https:\/\/gymmorges.ch\/gander\/wp-json\/wp\/v2\/users\/1"}],"replies":[{"embeddable":true,"href":"https:\/\/gymmorges.ch\/gander\/wp-json\/wp\/v2\/comments?post=128"}],"version-history":[{"count":3,"href":"https:\/\/gymmorges.ch\/gander\/wp-json\/wp\/v2\/pages\/128\/revisions"}],"predecessor-version":[{"id":191,"href":"https:\/\/gymmorges.ch\/gander\/wp-json\/wp\/v2\/pages\/128\/revisions\/191"}],"wp:attachment":[{"href":"https:\/\/gymmorges.ch\/gander\/wp-json\/wp\/v2\/media?parent=128"}],"curies":[{"name":"wp","href":"https:\/\/api.w.org\/{rel}","templated":true}]}}